{"id":1166,"date":"2021-06-19T15:44:37","date_gmt":"2021-06-19T13:44:37","guid":{"rendered":"http:\/\/creches-vic-andrest.com\/?page_id=1166"},"modified":"2022-06-29T16:43:40","modified_gmt":"2022-06-29T14:43:40","slug":"les-comptes-dexploitation-2020-des-creches-admr","status":"publish","type":"page","link":"https:\/\/creches-vic-andrest.com\/index.php\/les-comptes-dexploitation-2020-des-creches-admr\/","title":{"rendered":"Les comptes d&rsquo;exploitation 2021 des cr\u00e8ches ADMR"},"content":{"rendered":"<blockquote><p><img loading=\"lazy\" decoding=\"async\" class=\"size-medium wp-image-808 aligncenter\" src=\"https:\/\/creches-vic-andrest.com\/wp-content\/uploads\/2021\/01\/Admr-transp-1-300x125.png\" alt=\"\" width=\"300\" height=\"125\" srcset=\"https:\/\/creches-vic-andrest.com\/wp-content\/uploads\/2021\/01\/Admr-transp-1-300x125.png 300w, https:\/\/creches-vic-andrest.com\/wp-content\/uploads\/2021\/01\/Admr-transp-1-1024x428.png 1024w, https:\/\/creches-vic-andrest.com\/wp-content\/uploads\/2021\/01\/Admr-transp-1-768x321.png 768w, https:\/\/creches-vic-andrest.com\/wp-content\/uploads\/2021\/01\/Admr-transp-1-1536x642.png 1536w, https:\/\/creches-vic-andrest.com\/wp-content\/uploads\/2021\/01\/Admr-transp-1-150x63.png 150w, https:\/\/creches-vic-andrest.com\/wp-content\/uploads\/2021\/01\/Admr-transp-1-287x120.png 287w, https:\/\/creches-vic-andrest.com\/wp-content\/uploads\/2021\/01\/Admr-transp-1.png 1987w\" sizes=\"auto, (max-width: 300px) 100vw, 300px\" \/><\/p><\/blockquote>\n<p>L&rsquo;assembl\u00e9e g\u00e9n\u00e9rale de l&rsquo;ADMR de Vic-Bigorre a adopt\u00e9, lors de ses r\u00e9unions du 10 et du 24\u00a0 juin 2022, le r\u00e9sultats de fonctionnement de la cr\u00e8che les Petits-Loups et de la microcr\u00e8che Les canalous en 2021.<\/p>\n<a href=\"https:\/\/creches-vic-andrest.com\/wp-content\/uploads\/2022\/06\/Bilans-Pts-Loups-Canalous-2021.pdf\" class=\"pdfemb-viewer\" style=\"\" data-width=\"max\" data-height=\"max\" data-toolbar=\"bottom\" data-toolbar-fixed=\"off\">Bilans Pts Loups Canalous 2021<\/a>\n","protected":false},"excerpt":{"rendered":"<p>L&rsquo;assembl\u00e9e g\u00e9n\u00e9rale de l&rsquo;ADMR de Vic-Bigorre a adopt\u00e9, lors de ses r\u00e9unions du 10 et du 24\u00a0 juin 2022, le r\u00e9sultats de fonctionnement de la cr\u00e8che les Petits-Loups et de&#8230;<\/p>\n<p> <a class=\"continue-reading-link\" href=\"https:\/\/creches-vic-andrest.com\/index.php\/les-comptes-dexploitation-2020-des-creches-admr\/\"><span>LIRE LA SUITE<\/span><i class=\"crycon-right-dir\"><\/i><\/a> <\/p>\n","protected":false},"author":1,"featured_media":0,"parent":0,"menu_order":0,"comment_status":"closed","ping_status":"closed","template":"","meta":{"footnotes":""},"class_list":["post-1166","page","type-page","status-publish","hentry"],"jetpack_sharing_enabled":true,"_links":{"self":[{"href":"https:\/\/creches-vic-andrest.com\/index.php\/wp-json\/wp\/v2\/pages\/1166","targetHints":{"allow":["GET"]}}],"collection":[{"href":"https:\/\/creches-vic-andrest.com\/index.php\/wp-json\/wp\/v2\/pages"}],"about":[{"href":"https:\/\/creches-vic-andrest.com\/index.php\/wp-json\/wp\/v2\/types\/page"}],"author":[{"embeddable":true,"href":"https:\/\/creches-vic-andrest.com\/index.php\/wp-json\/wp\/v2\/users\/1"}],"replies":[{"embeddable":true,"href":"https:\/\/creches-vic-andrest.com\/index.php\/wp-json\/wp\/v2\/comments?post=1166"}],"version-history":[{"count":3,"href":"https:\/\/creches-vic-andrest.com\/index.php\/wp-json\/wp\/v2\/pages\/1166\/revisions"}],"predecessor-version":[{"id":3628,"href":"https:\/\/creches-vic-andrest.com\/index.php\/wp-json\/wp\/v2\/pages\/1166\/revisions\/3628"}],"wp:attachment":[{"href":"https:\/\/creches-vic-andrest.com\/index.php\/wp-json\/wp\/v2\/media?parent=1166"}],"curies":[{"name":"wp","href":"https:\/\/api.w.org\/{rel}","templated":true}]}}