{"id":1227,"date":"2021-07-07T19:04:20","date_gmt":"2021-07-07T17:04:20","guid":{"rendered":"http:\/\/creches-vic-andrest.com\/?page_id=1227"},"modified":"2021-07-07T19:04:20","modified_gmt":"2021-07-07T17:04:20","slug":"fermetures-annuelles-des-canalous","status":"publish","type":"page","link":"https:\/\/creches-vic-andrest.com\/index.php\/fermetures-annuelles-des-canalous\/","title":{"rendered":"Fermetures annuelles des Canalous"},"content":{"rendered":"<p><img loading=\"lazy\" decoding=\"async\" class=\"alignnone size-medium wp-image-767 aligncenter\" src=\"https:\/\/creches-vic-andrest.com\/wp-content\/uploads\/2021\/01\/CANALOUS-300x150.jpg\" alt=\"\" width=\"300\" height=\"150\" srcset=\"https:\/\/creches-vic-andrest.com\/wp-content\/uploads\/2021\/01\/CANALOUS-300x150.jpg 300w, https:\/\/creches-vic-andrest.com\/wp-content\/uploads\/2021\/01\/CANALOUS-150x75.jpg 150w, https:\/\/creches-vic-andrest.com\/wp-content\/uploads\/2021\/01\/CANALOUS-500x250.jpg 500w, https:\/\/creches-vic-andrest.com\/wp-content\/uploads\/2021\/01\/CANALOUS-240x120.jpg 240w, https:\/\/creches-vic-andrest.com\/wp-content\/uploads\/2021\/01\/CANALOUS.jpg 507w\" sizes=\"auto, (max-width: 300px) 100vw, 300px\" \/><\/p>\n<h5 style=\"text-align: center;\"><span style=\"color: #ff6600;\">FERMETURES DE LA MICRO-CRECHE en 2021<\/span><\/h5>\n<p style=\"text-align: center;\"><strong>AVRIL : 26 avril au 1er mai<\/strong><\/p>\n<p style=\"text-align: center;\"><strong>PONT DE l&rsquo;ASCENSION : 14 mai<\/strong><\/p>\n<p style=\"text-align: center;\"><strong>LUNDI de PENTECOTE : 24 mai<\/strong><\/p>\n<p style=\"text-align: center;\"><strong>AOUT : 1er au 23 ao\u00fbt<\/strong><\/p>\n<p style=\"text-align: center;\"><strong>DECEMBRE : 20 d\u00e9cembre au 2 janvier<\/strong><\/p>\n<p>&nbsp;<\/p>\n<p><img loading=\"lazy\" decoding=\"async\" class=\"aligncenter\" src=\"https:\/\/www.rage.pro\/wp-content\/uploads\/2018\/08\/fermeture-a-clef-meubles-refrigeres.jpg\" alt=\"Infrico \u2013 Fermeture \u00e0 clef pour dessertes r\u00e9frig\u00e9r\u00e9es\" width=\"325\" height=\"325\" \/><\/p>\n","protected":false},"excerpt":{"rendered":"<p>FERMETURES DE LA MICRO-CRECHE en 2021 AVRIL : 26 avril au 1er mai PONT DE l&rsquo;ASCENSION : 14 mai LUNDI de PENTECOTE : 24 mai AOUT : 1er au 23&#8230;<\/p>\n<p> <a class=\"continue-reading-link\" href=\"https:\/\/creches-vic-andrest.com\/index.php\/fermetures-annuelles-des-canalous\/\"><span>LIRE LA SUITE<\/span><i class=\"crycon-right-dir\"><\/i><\/a> <\/p>\n","protected":false},"author":1,"featured_media":0,"parent":0,"menu_order":0,"comment_status":"closed","ping_status":"closed","template":"","meta":{"footnotes":""},"class_list":["post-1227","page","type-page","status-publish","hentry"],"jetpack_sharing_enabled":true,"_links":{"self":[{"href":"https:\/\/creches-vic-andrest.com\/index.php\/wp-json\/wp\/v2\/pages\/1227","targetHints":{"allow":["GET"]}}],"collection":[{"href":"https:\/\/creches-vic-andrest.com\/index.php\/wp-json\/wp\/v2\/pages"}],"about":[{"href":"https:\/\/creches-vic-andrest.com\/index.php\/wp-json\/wp\/v2\/types\/page"}],"author":[{"embeddable":true,"href":"https:\/\/creches-vic-andrest.com\/index.php\/wp-json\/wp\/v2\/users\/1"}],"replies":[{"embeddable":true,"href":"https:\/\/creches-vic-andrest.com\/index.php\/wp-json\/wp\/v2\/comments?post=1227"}],"version-history":[{"count":1,"href":"https:\/\/creches-vic-andrest.com\/index.php\/wp-json\/wp\/v2\/pages\/1227\/revisions"}],"predecessor-version":[{"id":1228,"href":"https:\/\/creches-vic-andrest.com\/index.php\/wp-json\/wp\/v2\/pages\/1227\/revisions\/1228"}],"wp:attachment":[{"href":"https:\/\/creches-vic-andrest.com\/index.php\/wp-json\/wp\/v2\/media?parent=1227"}],"curies":[{"name":"wp","href":"https:\/\/api.w.org\/{rel}","templated":true}]}}