{"id":127,"date":"2020-10-20T17:07:42","date_gmt":"2020-10-20T15:07:42","guid":{"rendered":"http:\/\/creches-vic-andrest.com\/?page_id=127"},"modified":"2021-06-17T17:21:45","modified_gmt":"2021-06-17T15:21:45","slug":"pl-le-projet-educatif","status":"publish","type":"page","link":"https:\/\/creches-vic-andrest.com\/index.php\/pl-le-projet-educatif\/","title":{"rendered":"Les Petits-Loups : le projet educatif"},"content":{"rendered":"<p><img loading=\"lazy\" decoding=\"async\" class=\"alignnone size-medium wp-image-438 aligncenter\" src=\"https:\/\/creches-vic-andrest.com\/wp-content\/uploads\/2020\/11\/LPL_logo_bleu-300x99.png\" alt=\"\" width=\"300\" height=\"99\" srcset=\"https:\/\/creches-vic-andrest.com\/wp-content\/uploads\/2020\/11\/LPL_logo_bleu-300x99.png 300w, https:\/\/creches-vic-andrest.com\/wp-content\/uploads\/2020\/11\/LPL_logo_bleu-768x253.png 768w, https:\/\/creches-vic-andrest.com\/wp-content\/uploads\/2020\/11\/LPL_logo_bleu-150x49.png 150w, https:\/\/creches-vic-andrest.com\/wp-content\/uploads\/2020\/11\/LPL_logo_bleu.png 1000w\" sizes=\"auto, (max-width: 300px) 100vw, 300px\" \/><\/p>\n<p>&nbsp;<\/p>\n<h4 style=\"text-align: center;\"><span style=\"color: #ff6600;\"><strong>Le projet d\u2019\u00e9tablissement<\/strong><\/span><\/h4>\n<p>&nbsp;<\/p>\n<ul>\n<li><u>Le projet social\u00a0: <\/u><\/li>\n<\/ul>\n<p><u>\u00a0<\/u>La mission premi\u00e8re de l\u2019\u00e9tablissement est d\u2019accompagner l\u2019enfant vers son \u00e9panouissement personnel dans le respect de l\u2019autre.<\/p>\n<p>Quel que soit l\u2019\u00e2ge de l\u2019enfant, cet accompagnement respecte ses capacit\u00e9s et son d\u00e9sir propre \u00e0 cheminer vers l\u2019autonomie et la socialisation. Il lui permet de construire son identit\u00e9. Notre mission est de lui forger une s\u00e9curit\u00e9 int\u00e9rieure, de l\u2019aider \u00e0 se construire et grandir, lui permettant ainsi d\u2019\u00eatre ouvert, curieux des autres et de son environnement<\/p>\n<p>Les enjeux et missions de la structure\u00a0:<\/p>\n<ul>\n<li>Permettre aux familles de concilier vie familiale, sociale et professionnelle.<\/li>\n<li>Veiller \u00e0 la sant\u00e9, \u00e0 la s\u00e9curit\u00e9 et au bien-\u00eatre des enfants ainsi qu\u2019\u00e0 leur d\u00e9veloppement.<\/li>\n<li>Aider l\u2019enfant \u00e0 grandir dans un espace s\u00e9curisant o\u00f9 les parents ont leurs places<\/li>\n<li>Permettre l\u2019int\u00e9gration sociale des enfants en situation de handicap ou ayant une maladie chronique dans le respect de leurs comp\u00e9tences et en lien avec le projet \u00e9ducatif des parents<\/li>\n<li>Donner \u00e0 l\u2019enfant les moyens de cultiver la relation \u00e0 lui-m\u00eame, \u00e0 l\u2019autre, \u00e0 la nature et aussi favoriser le contact avec la culture.<\/li>\n<\/ul>\n<p>Il faut noter que nous nous adaptons aux besoins des familles en adaptant les jours et les horaires des contrats.<\/p>\n<p>La structure r\u00e9pond donc enti\u00e8rement \u00e0 son projet social.<\/p>\n<p>De plus la cr\u00e8che s\u2019implique dans la dynamique du territoire en tissant des relations partenariales avec la CAF, la MSA, le conseil d\u00e9partemental et notamment la PMI.<\/p>\n<h4 style=\"text-align: center;\"><strong><span style=\"color: #ff6600;\"><u>Le projet p\u00e9dagogique\u00a0: <\/u><\/span><\/strong><\/h4>\n<p><u>\u00a0<\/u><\/p>\n<p><strong><u>Grandes lignes du projet \u00e9ducatif et p\u00e9dagogique<\/u><\/strong><\/p>\n<p>L\u2019objectif de l\u2019\u00e9quipe de professionnelles est d\u2019assurer \u00e0 l\u2019enfant une qualit\u00e9 d\u2019accueil qui le fera se sentir bien au sein de la structure et favorisera son d\u00e9veloppement global.<\/p>\n<p>Pour ce faire il est important pour nous\u00a0:<\/p>\n<ul>\n<li>D\u2019apprendre \u00e0 conna\u00eetre l\u2019enfant et sa famille afin de proposer un accompagnement adapt\u00e9 \u00e0 leurs besoins.<\/li>\n<li>De favoriser la s\u00e9curit\u00e9 physique et affective de l\u2019enfant afin de pouvoir ensuite favoriser son \u00e9panouissement et son \u00e9veil.<\/li>\n<li>Favoriser la socialisation et l\u2019autonomie de l\u2019enfant.<\/li>\n<li>Respecter le rythme de l\u2019enfant et ses besoins. Faire preuve de coh\u00e9rence \u00e9ducative avec le parent.<\/li>\n<\/ul>\n<p>Lors des adaptations chaque enfant b\u00e9n\u00e9ficie de la pr\u00e9sence de sa r\u00e9f\u00e9rente.<\/p>\n<a href=\"https:\/\/creches-vic-andrest.com\/wp-content\/uploads\/2021\/01\/Projet-pedagogique-2020.pdf\" class=\"pdfemb-viewer\" style=\"\" data-width=\"max\" data-height=\"max\" data-toolbar=\"bottom\" data-toolbar-fixed=\"off\">Projet pedagogique 2020<\/a>\n<p>&nbsp;<\/p>\n","protected":false},"excerpt":{"rendered":"<p>&nbsp; Le projet d\u2019\u00e9tablissement &nbsp; Le projet social\u00a0: \u00a0La mission premi\u00e8re de l\u2019\u00e9tablissement est d\u2019accompagner l\u2019enfant vers son \u00e9panouissement personnel dans le respect de l\u2019autre. Quel que soit l\u2019\u00e2ge de&#8230;<\/p>\n<p> <a class=\"continue-reading-link\" href=\"https:\/\/creches-vic-andrest.com\/index.php\/pl-le-projet-educatif\/\"><span>LIRE LA SUITE<\/span><i class=\"crycon-right-dir\"><\/i><\/a> <\/p>\n","protected":false},"author":1,"featured_media":0,"parent":0,"menu_order":0,"comment_status":"closed","ping_status":"closed","template":"","meta":{"footnotes":""},"class_list":["post-127","page","type-page","status-publish","hentry"],"jetpack_sharing_enabled":true,"_links":{"self":[{"href":"https:\/\/creches-vic-andrest.com\/index.php\/wp-json\/wp\/v2\/pages\/127","targetHints":{"allow":["GET"]}}],"collection":[{"href":"https:\/\/creches-vic-andrest.com\/index.php\/wp-json\/wp\/v2\/pages"}],"about":[{"href":"https:\/\/creches-vic-andrest.com\/index.php\/wp-json\/wp\/v2\/types\/page"}],"author":[{"embeddable":true,"href":"https:\/\/creches-vic-andrest.com\/index.php\/wp-json\/wp\/v2\/users\/1"}],"replies":[{"embeddable":true,"href":"https:\/\/creches-vic-andrest.com\/index.php\/wp-json\/wp\/v2\/comments?post=127"}],"version-history":[{"count":10,"href":"https:\/\/creches-vic-andrest.com\/index.php\/wp-json\/wp\/v2\/pages\/127\/revisions"}],"predecessor-version":[{"id":820,"href":"https:\/\/creches-vic-andrest.com\/index.php\/wp-json\/wp\/v2\/pages\/127\/revisions\/820"}],"wp:attachment":[{"href":"https:\/\/creches-vic-andrest.com\/index.php\/wp-json\/wp\/v2\/media?parent=127"}],"curies":[{"name":"wp","href":"https:\/\/api.w.org\/{rel}","templated":true}]}}