{"id":148,"date":"2020-10-20T17:14:26","date_gmt":"2020-10-20T15:14:26","guid":{"rendered":"http:\/\/creches-vic-andrest.com\/?page_id=148"},"modified":"2021-01-28T09:55:46","modified_gmt":"2021-01-28T08:55:46","slug":"cnl-fonctionnement","status":"publish","type":"page","link":"https:\/\/creches-vic-andrest.com\/index.php\/cnl-fonctionnement\/","title":{"rendered":"Canalous : Fonctionnement"},"content":{"rendered":"<ul>\n<li>Les modalit\u00e9s d\u2019inscription :<\/li>\n<\/ul>\n<p>Lors d\u2019un premier contact avec les familles, le r\u00e9f\u00e9rent technique de la structure les rencontre \u00e0 la micro-cr\u00e8che. Ce moment est l\u2019occasion de visiter les lieux, de pr\u00e9ciser le fonctionnement de la structure en prenant connaissance de divers documents r\u00e9glementaires et d\u2019estimer le co\u00fbt de la prestation.<br \/>\nUn dossier d\u2019inscription est remis \u00e0 la famille pr\u00e9cisant les pi\u00e8ces justificatives \u00e0 fournir.<br \/>\nLe dossier complet est ensuite \u00e9tudi\u00e9 par une commission d\u2019admission. Des repr\u00e9sentants de la communaut\u00e9 de communes seront invit\u00e9s et les bienvenus \u00e0 ces commissions.<br \/>\nApr\u00e8s avis favorable de la commission, la famille prend rendez-vous avec le r\u00e9f\u00e9rent technique de la micro-cr\u00e8che afin de rencontrer les membres de l\u2019\u00e9quipe \u00e9ducative et de convenir des modalit\u00e9s d\u2019accueil et d\u2019adaptation de l\u2019enfant.<\/p>\n<ul>\n<li>L\u2019attribution des places :<\/li>\n<\/ul>\n<p>La micro-cr\u00e8che est ouverte prioritairement aux enfants de 2 mois \u00bd \u00e0 6 ans, dont le lieu de r\u00e9sidence se situe sur le territoire intercommunal.<br \/>\nD\u2019autres crit\u00e8res sont pris en compte (par ordre de priorit\u00e9) pour attribuer les places, tels que :<br \/>\n1- Les besoins de la famille en termes de jours de pr\u00e9sence et d\u2019amplitude horaire journali\u00e8re<br \/>\n2- La situation et la composition de la famille : famille monoparentale, situation professionnelle des parents, familles nombreuses, naissances multiples, pr\u00e9sence d\u2019un fr\u00e8re ou d\u2019une s\u0153ur d\u00e9j\u00e0 inscrit dans la structure\u2026<br \/>\n3- Les ressources sur la base du quotient familial<br \/>\n4- La date de d\u00e9p\u00f4t de la demande d\u2019inscription<br \/>\n5- L\u2019existence \u00e9ventuelle d\u2019un mode de garde \u00e0 la date de la commission.<\/p>\n","protected":false},"excerpt":{"rendered":"<p>Les modalit\u00e9s d\u2019inscription : Lors d\u2019un premier contact avec les familles, le r\u00e9f\u00e9rent technique de la structure les rencontre \u00e0 la micro-cr\u00e8che. Ce moment est l\u2019occasion de visiter les lieux,&#8230;<\/p>\n<p> <a class=\"continue-reading-link\" href=\"https:\/\/creches-vic-andrest.com\/index.php\/cnl-fonctionnement\/\"><span>LIRE LA SUITE<\/span><i class=\"crycon-right-dir\"><\/i><\/a> <\/p>\n","protected":false},"author":1,"featured_media":0,"parent":0,"menu_order":0,"comment_status":"closed","ping_status":"closed","template":"","meta":{"footnotes":""},"class_list":["post-148","page","type-page","status-publish","hentry"],"jetpack_sharing_enabled":true,"_links":{"self":[{"href":"https:\/\/creches-vic-andrest.com\/index.php\/wp-json\/wp\/v2\/pages\/148","targetHints":{"allow":["GET"]}}],"collection":[{"href":"https:\/\/creches-vic-andrest.com\/index.php\/wp-json\/wp\/v2\/pages"}],"about":[{"href":"https:\/\/creches-vic-andrest.com\/index.php\/wp-json\/wp\/v2\/types\/page"}],"author":[{"embeddable":true,"href":"https:\/\/creches-vic-andrest.com\/index.php\/wp-json\/wp\/v2\/users\/1"}],"replies":[{"embeddable":true,"href":"https:\/\/creches-vic-andrest.com\/index.php\/wp-json\/wp\/v2\/comments?post=148"}],"version-history":[{"count":5,"href":"https:\/\/creches-vic-andrest.com\/index.php\/wp-json\/wp\/v2\/pages\/148\/revisions"}],"predecessor-version":[{"id":832,"href":"https:\/\/creches-vic-andrest.com\/index.php\/wp-json\/wp\/v2\/pages\/148\/revisions\/832"}],"wp:attachment":[{"href":"https:\/\/creches-vic-andrest.com\/index.php\/wp-json\/wp\/v2\/media?parent=148"}],"curies":[{"name":"wp","href":"https:\/\/api.w.org\/{rel}","templated":true}]}}