{"id":150,"date":"2020-10-20T17:14:44","date_gmt":"2020-10-20T15:14:44","guid":{"rendered":"http:\/\/creches-vic-andrest.com\/?page_id=150"},"modified":"2020-12-03T20:15:53","modified_gmt":"2020-12-03T19:15:53","slug":"pl-le-fonctionnement","status":"publish","type":"page","link":"https:\/\/creches-vic-andrest.com\/index.php\/pl-le-fonctionnement\/","title":{"rendered":"Les Petits-Loups : Le fonctionnement"},"content":{"rendered":"<p><img loading=\"lazy\" decoding=\"async\" class=\"size-medium wp-image-438 aligncenter\" src=\"https:\/\/creches-vic-andrest.com\/wp-content\/uploads\/2020\/11\/LPL_logo_bleu-300x99.png\" alt=\"\" width=\"300\" height=\"99\" srcset=\"https:\/\/creches-vic-andrest.com\/wp-content\/uploads\/2020\/11\/LPL_logo_bleu-300x99.png 300w, https:\/\/creches-vic-andrest.com\/wp-content\/uploads\/2020\/11\/LPL_logo_bleu-768x253.png 768w, https:\/\/creches-vic-andrest.com\/wp-content\/uploads\/2020\/11\/LPL_logo_bleu-150x49.png 150w, https:\/\/creches-vic-andrest.com\/wp-content\/uploads\/2020\/11\/LPL_logo_bleu.png 1000w\" sizes=\"auto, (max-width: 300px) 100vw, 300px\" \/><\/p>\n<p align=\"JUSTIFY\">\n<p align=\"JUSTIFY\"><span style=\"font-size: medium;\">La structure constitue un lieu d\u2019accueil, d\u2019\u00e9veil et de socialisation pour les enfants de 2 mois \u00bd \u00e0 3 ans. Elle a pour mission d\u2019accueillir l\u2019enfant et sa famille et de proposer des activit\u00e9s favorisant le d\u00e9veloppement moteur, cognitif, affectif et social de chaque enfant.<\/span><\/p>\n<p align=\"JUSTIFY\"><span style=\"font-size: medium;\">Elle est compos\u00e9e de 3 groupes en fonction de l\u2019\u00e2ge et du d\u00e9veloppement des enfants\u00a0: l<\/span>es louveteaux, les loulous, les loustiks<span style=\"font-size: medium;\"> e<\/span>t fournit les repas et les couches sauf besoins particuliers.<\/p>\n<p align=\"JUSTIFY\"><span style=\"font-size: medium;\">Un jardin et des intervenants ext\u00e9rieurs permettront en plus des activit\u00e9s libres ou dirig\u00e9s par les diff\u00e9rentes \u00e9quipes de permettre \u00e0 votre enfant de s\u2019\u00e9panouir et de grandir en toute s\u00e9curit\u00e9.<\/span><\/p>\n<p align=\"JUSTIFY\"><span style=\"color: #ff0000;\"><u>R\u00e8glement<\/u><\/span><\/p>\n<p align=\"JUSTIFY\"><u>Les inscriptions\u00a0:<\/u><\/p>\n<p align=\"JUSTIFY\">Les pr\u00e9 inscriptions se font \u00e0 travers le portail mis en lien sur ce site.<\/p>\n<p align=\"JUSTIFY\">Deux commissions ont lieu chaque ann\u00e9e en juin et novembre avant d\u2019attribuer les places. L\u2019attribution se fait en fonction du lieu de vie, des places disponibles dans les groupes, des diff\u00e9rents jours demand\u00e9s et enfin par date d\u2019inscription.<\/p>\n<p align=\"JUSTIFY\">Un courrier vous sera envoy\u00e9 d\u00e8s la commission pass\u00e9e pour vous donner une r\u00e9ponse.<\/p>\n<p align=\"JUSTIFY\">Une fois l\u2019inscription valid\u00e9e, un contrat sera \u00e9tabli et la place de votre enfant est r\u00e9serv\u00e9e si vous le souhaitez jusqu\u2019\u00e0 sa rentr\u00e9e scolaire.<\/p>\n<p align=\"JUSTIFY\"><u>Les accueils\u00a0: <\/u><\/p>\n<p align=\"JUSTIFY\">Les accueils a la cr\u00e8che peuvent \u00eatre de trois sortes\u00a0:<\/p>\n<p align=\"JUSTIFY\">R\u00e9guliers\u00a0: contrat avec planning mis en place pour l\u2019ann\u00e9e<\/p>\n<p align=\"JUSTIFY\">Occasionnels\u00a0: rajout d\u2019un ou plusieurs certains jours au besoin avec un d\u00e9lai de pr\u00e9venance sup\u00e9rieur \u00e0 une semaine, en fonction des disponibilit\u00e9s de la cr\u00e8che<\/p>\n<p align=\"JUSTIFY\">Urgences\u00a0:<span style=\"font-size: medium;\"> lorsque les besoins des familles ne peuvent pas \u00eatre anticip\u00e9s<\/span><\/p>\n<p align=\"JUSTIFY\"><span style=\"font-size: medium;\"><u>Tarifs\u00a0: <\/u><\/span><\/p>\n<p align=\"JUSTIFY\">Les tarifs horaires se font en fonction des revenus des parents et vous serons donn\u00e9s au moment du contrat. Une simulation peut \u00eatre faite sur demande.<\/p>\n","protected":false},"excerpt":{"rendered":"<p>La structure constitue un lieu d\u2019accueil, d\u2019\u00e9veil et de socialisation pour les enfants de 2 mois \u00bd \u00e0 3 ans. Elle a pour mission d\u2019accueillir l\u2019enfant et sa famille et&#8230;<\/p>\n<p> <a class=\"continue-reading-link\" href=\"https:\/\/creches-vic-andrest.com\/index.php\/pl-le-fonctionnement\/\"><span>LIRE LA SUITE<\/span><i class=\"crycon-right-dir\"><\/i><\/a> <\/p>\n","protected":false},"author":1,"featured_media":0,"parent":0,"menu_order":0,"comment_status":"closed","ping_status":"closed","template":"","meta":{"footnotes":""},"class_list":["post-150","page","type-page","status-publish","hentry"],"jetpack_sharing_enabled":true,"_links":{"self":[{"href":"https:\/\/creches-vic-andrest.com\/index.php\/wp-json\/wp\/v2\/pages\/150","targetHints":{"allow":["GET"]}}],"collection":[{"href":"https:\/\/creches-vic-andrest.com\/index.php\/wp-json\/wp\/v2\/pages"}],"about":[{"href":"https:\/\/creches-vic-andrest.com\/index.php\/wp-json\/wp\/v2\/types\/page"}],"author":[{"embeddable":true,"href":"https:\/\/creches-vic-andrest.com\/index.php\/wp-json\/wp\/v2\/users\/1"}],"replies":[{"embeddable":true,"href":"https:\/\/creches-vic-andrest.com\/index.php\/wp-json\/wp\/v2\/comments?post=150"}],"version-history":[{"count":5,"href":"https:\/\/creches-vic-andrest.com\/index.php\/wp-json\/wp\/v2\/pages\/150\/revisions"}],"predecessor-version":[{"id":526,"href":"https:\/\/creches-vic-andrest.com\/index.php\/wp-json\/wp\/v2\/pages\/150\/revisions\/526"}],"wp:attachment":[{"href":"https:\/\/creches-vic-andrest.com\/index.php\/wp-json\/wp\/v2\/media?parent=150"}],"curies":[{"name":"wp","href":"https:\/\/api.w.org\/{rel}","templated":true}]}}