{"id":172,"date":"2023-11-02T12:00:35","date_gmt":"2023-11-02T11:00:35","guid":{"rendered":"http:\/\/creches-vic-andrest.com\/?page_id=172"},"modified":"2023-11-02T12:40:58","modified_gmt":"2023-11-02T11:40:58","slug":"laep-presentation","status":"publish","type":"page","link":"https:\/\/creches-vic-andrest.com\/index.php\/laep-presentation\/","title":{"rendered":"LAEP : Pr\u00e9sentation"},"content":{"rendered":"<h3 class=\"card-title mb-4\" style=\"text-align: center;\" data-v-652bae9f=\"\"><strong><span style=\"color: #ff6600;\"><img loading=\"lazy\" decoding=\"async\" class=\"alignnone size-medium wp-image-439\" src=\"https:\/\/creches-vic-andrest.com\/wp-content\/uploads\/2020\/11\/LPL_logo_intervenants_bleu-300x83.png\" alt=\"\" width=\"300\" height=\"83\" srcset=\"https:\/\/creches-vic-andrest.com\/wp-content\/uploads\/2020\/11\/LPL_logo_intervenants_bleu-300x83.png 300w, https:\/\/creches-vic-andrest.com\/wp-content\/uploads\/2020\/11\/LPL_logo_intervenants_bleu-768x213.png 768w, https:\/\/creches-vic-andrest.com\/wp-content\/uploads\/2020\/11\/LPL_logo_intervenants_bleu-150x42.png 150w, https:\/\/creches-vic-andrest.com\/wp-content\/uploads\/2020\/11\/LPL_logo_intervenants_bleu.png 1000w\" sizes=\"auto, (max-width: 300px) 100vw, 300px\" \/><\/span><\/strong><\/h3>\n<h3 class=\"card-title mb-4\" style=\"text-align: center;\" data-v-652bae9f=\"\"><strong><span style=\"color: #ff6600;\">QU&rsquo;EST CE QUE LE LAEP ?<\/span><\/strong><\/h3>\n<p class=\"card_presentation mx-auto\" data-v-652bae9f=\"\">Les petits loups en balade est un service de la cr\u00e8che \u00ab\u00a0les petits loups\u00a0\u00bb.<\/p>\n<p class=\"card_presentation mx-auto\" data-v-652bae9f=\"\">C&rsquo;est un lieu d&rsquo;accueil Enfants-Parents itin\u00e9rant se d\u00e9pla\u00e7ant sur quatre communes du Nord du d\u00e9partement Hautes-Pyr\u00e9n\u00e9es : VIC-EN-BIGORRE, RABASTENS, LAFITOLE, MAUBOURGUET les mercredis par demi-journ\u00e9es.<\/p>\n<p class=\"card_presentation mx-auto\" data-v-652bae9f=\"\">Inspir\u00e9e de La Maison Verte de Fran\u00e7oise Dolto, Les Petits Loups en Balade propose un espace de rencontres et de parole convivial, pens\u00e9 autour de la relation enfants parents. Ce lieu est \u00e0 destination de tout enfant \u00e2g\u00e9 de moins de 6 ans, accompagn\u00e9 de son parent, grand-parent, beau-parent ou tout autre adulte tut\u00e9laire. Les futurs parents sont \u00e9galement les bienvenus.<\/p>\n<p data-v-652bae9f=\"\">Le LAEP accueille tous les enfants de -6ans accompagn\u00e9 d&rsquo;un parent responsable, pour un temps d&rsquo;\u00e9change, de jeux, de parole dans un espace convivial et s\u00e9curis\u00e9, anonyme, gratuit et sans inscription. Nous sommes form\u00e9es \u00e0 l&rsquo;\u00e9coute, sp\u00e9cialistes de la petite enfance, nous valorisons le lien parent-enfant et mettons en lien les parents qui se questionnent sur le d\u00e9veloppement de leur enfant et cherchent un lieu de socialisation dans un espace d\u00e9di\u00e9 aux jeux, \u00e0 la motricit\u00e9, \u00e0 la nature, \u00e0 la rencontre.<\/p>\n<p class=\"card_presentation mx-auto\" data-v-652bae9f=\"\">L&rsquo;\u00e9quipe est compos\u00e9e de deux accueillantes qui sont aussi salari\u00e9es de la cr\u00e8che L&rsquo;enfant reste durant toute la dur\u00e9e de l&rsquo;accueil sous la responsabilit\u00e9 de son parent qui ne peut pas s&rsquo;absenter du lieu. Ce lieu est gratuit, sans inscription et anonyme.<\/p>\n<p style=\"text-align: center;\" data-v-652bae9f=\"\"><span style=\"color: #ff6600;\"><strong>Nous retrouver :<\/strong><\/span><\/p>\n<p data-v-652bae9f=\"\"><a href=\"https:\/\/www.facebook.com\/lespetitsloupsenbaladeLAEP\"><img loading=\"lazy\" decoding=\"async\" class=\"aligncenter wp-image-614 size-thumbnail\" src=\"https:\/\/creches-vic-andrest.com\/wp-content\/uploads\/2020\/12\/FB-150x150.png\" alt=\"\" width=\"150\" height=\"150\" srcset=\"https:\/\/creches-vic-andrest.com\/wp-content\/uploads\/2020\/12\/FB-150x150.png 150w, https:\/\/creches-vic-andrest.com\/wp-content\/uploads\/2020\/12\/FB-300x300.png 300w, https:\/\/creches-vic-andrest.com\/wp-content\/uploads\/2020\/12\/FB-120x120.png 120w, https:\/\/creches-vic-andrest.com\/wp-content\/uploads\/2020\/12\/FB.png 512w\" sizes=\"auto, (max-width: 150px) 100vw, 150px\" \/><\/a><\/p>\n<p data-v-652bae9f=\"\"><img loading=\"lazy\" decoding=\"async\" class=\"aligncenter wp-image-492 \" src=\"https:\/\/creches-vic-andrest.com\/wp-content\/uploads\/2020\/11\/LAEP-VENDEE.jpg\" alt=\"\" width=\"482\" height=\"270\" srcset=\"https:\/\/creches-vic-andrest.com\/wp-content\/uploads\/2020\/11\/LAEP-VENDEE.jpg 300w, https:\/\/creches-vic-andrest.com\/wp-content\/uploads\/2020\/11\/LAEP-VENDEE-150x84.jpg 150w\" sizes=\"auto, (max-width: 482px) 100vw, 482px\" \/><\/p>\n<div data-v-652bae9f=\"\"><\/div>\n<div class=\"col-12 d-flex align-items-center\" style=\"text-align: center;\" data-v-652bae9f=\"\"><span style=\"color: #ff6600;\"><strong><a style=\"color: #ff6600;\" href=\"https:\/\/fr.wikipedia.org\/wiki\/Lieu_d%27accueil_enfants-parents\" target=\"_blank\" rel=\"noopener noreferrer\"><span style=\"text-decoration: underline;\">EN SAVOIR PLUS SUR LES LAEP<\/span><\/a><\/strong><\/span><\/div>\n<div data-v-652bae9f=\"\"><\/div>\n<div style=\"text-align: center;\" data-v-652bae9f=\"\"><strong><a href=\"https:\/\/youtu.be\/RI0oM4x2qdk\" target=\"_blank\" rel=\"noopener noreferrer\"><span style=\"text-decoration: underline;\"><span style=\"color: #ff6600; text-decoration: underline;\">UN EXEMPLE DE LAEP EN VIDEO<\/span><\/span><\/a><\/strong><\/div>\n<div data-v-652bae9f=\"\"><\/div>\n<div data-v-652bae9f=\"\"><a href=\"https:\/\/fr.wikipedia.org\/wiki\/Fran%C3%A7oise_Dolto\"><img loading=\"lazy\" decoding=\"async\" class=\"aligncenter wp-image-601 \" src=\"https:\/\/creches-vic-andrest.com\/wp-content\/uploads\/2020\/12\/Dolto.jpg\" alt=\"\" width=\"373\" height=\"248\" srcset=\"https:\/\/creches-vic-andrest.com\/wp-content\/uploads\/2020\/12\/Dolto.jpg 275w, https:\/\/creches-vic-andrest.com\/wp-content\/uploads\/2020\/12\/Dolto-150x100.jpg 150w, https:\/\/creches-vic-andrest.com\/wp-content\/uploads\/2020\/12\/Dolto-120x80.jpg 120w\" sizes=\"auto, (max-width: 373px) 100vw, 373px\" \/><\/a><\/div>\n<div data-v-652bae9f=\"\"><\/div>\n<div style=\"text-align: center;\" data-v-652bae9f=\"\"><a href=\"https:\/\/fr.wikipedia.org\/wiki\/Fran%C3%A7oise_Dolto\" target=\"_blank\" rel=\"noopener noreferrer\"><span style=\"text-decoration: underline;\">Fran\u00e7oise DOLTO<\/span><\/a><\/div>\n<div style=\"text-align: center;\" data-v-652bae9f=\"\">Inspiratrice des\u00a0 Laep<\/div>\n","protected":false},"excerpt":{"rendered":"<p>QU&rsquo;EST CE QUE LE LAEP ? Les petits loups en balade est un service de la cr\u00e8che \u00ab\u00a0les petits loups\u00a0\u00bb. C&rsquo;est un lieu d&rsquo;accueil Enfants-Parents itin\u00e9rant se d\u00e9pla\u00e7ant sur quatre&#8230;<\/p>\n<p> <a class=\"continue-reading-link\" href=\"https:\/\/creches-vic-andrest.com\/index.php\/laep-presentation\/\"><span>LIRE LA SUITE<\/span><i class=\"crycon-right-dir\"><\/i><\/a> <\/p>\n","protected":false},"author":1,"featured_media":0,"parent":0,"menu_order":0,"comment_status":"closed","ping_status":"closed","template":"","meta":{"footnotes":""},"class_list":["post-172","page","type-page","status-publish","hentry"],"jetpack_sharing_enabled":true,"_links":{"self":[{"href":"https:\/\/creches-vic-andrest.com\/index.php\/wp-json\/wp\/v2\/pages\/172","targetHints":{"allow":["GET"]}}],"collection":[{"href":"https:\/\/creches-vic-andrest.com\/index.php\/wp-json\/wp\/v2\/pages"}],"about":[{"href":"https:\/\/creches-vic-andrest.com\/index.php\/wp-json\/wp\/v2\/types\/page"}],"author":[{"embeddable":true,"href":"https:\/\/creches-vic-andrest.com\/index.php\/wp-json\/wp\/v2\/users\/1"}],"replies":[{"embeddable":true,"href":"https:\/\/creches-vic-andrest.com\/index.php\/wp-json\/wp\/v2\/comments?post=172"}],"version-history":[{"count":19,"href":"https:\/\/creches-vic-andrest.com\/index.php\/wp-json\/wp\/v2\/pages\/172\/revisions"}],"predecessor-version":[{"id":9634,"href":"https:\/\/creches-vic-andrest.com\/index.php\/wp-json\/wp\/v2\/pages\/172\/revisions\/9634"}],"wp:attachment":[{"href":"https:\/\/creches-vic-andrest.com\/index.php\/wp-json\/wp\/v2\/media?parent=172"}],"curies":[{"name":"wp","href":"https:\/\/api.w.org\/{rel}","templated":true}]}}