{"id":191,"date":"2020-10-20T18:14:45","date_gmt":"2020-10-20T16:14:45","guid":{"rendered":"http:\/\/creches-vic-andrest.com\/?page_id=191"},"modified":"2020-11-28T16:42:48","modified_gmt":"2020-11-28T15:42:48","slug":"admr-portage-de-repas","status":"publish","type":"page","link":"https:\/\/creches-vic-andrest.com\/index.php\/admr-portage-de-repas\/","title":{"rendered":"ADMR Portage de repas &#038; courses \u00e0 domicile"},"content":{"rendered":"<h3 class=\"font1 couleur blue-title h2\" style=\"text-align: center;\"><span style=\"color: #ff6600;\"><strong>LIVRAISON DE REPAS ET DE COURSES \u00c0 DOMICILE<\/strong><\/span><\/h3>\n<div class=\"row\">\n<div class=\"row-same-height row-full-height\">\n<div class=\"col-sm-6 col-xs-12 imgmax col-sm-height col-full-height\">\n<h4 class=\"font1 rtecenter grey-slogan lead\"><span style=\"color: #008000;\"><strong>Livraison de repas<\/strong><\/span><\/h4>\n<p class=\"font1 grey-text\">Repas pr\u00e9par\u00e9s sains et \u00e9quilibr\u00e9s, livr\u00e9s \u00e0 domicile, quotidiennement ou ponctuellement.<\/p>\n<p class=\"font1 grey-text\"><strong>En quoi consiste ce service ?<\/strong><br \/>\nNous livrons \u00e0 votre domicile le repas de votre choix. Cette formule vous permet de conserver une alimentation saine, vari\u00e9e, \u00e9quilibr\u00e9e et adapt\u00e9e \u00e0 votre r\u00e9gime ou \u00e0 vos habitudes alimentaires.<\/p>\n<p class=\"font1 grey-text\"><strong>La qualit\u00e9<\/strong><br \/>\nLes repas sont \u00e9labor\u00e9s localement, \u00e0 base de produits frais. Nous garantissons le suivi des normes de s\u00e9curit\u00e9 et d\u2019hygi\u00e8ne, qu\u2019il s\u2019agisse de la confection et du transport des repas.<\/p>\n<p class=\"font1 grey-text\"><strong>Le petit +<\/strong><br \/>\nN\u2019h\u00e9sitez pas \u00e0 commander des repas suppl\u00e9mentaires pour vos visiteurs de passage pour la journ\u00e9e ou pour quelques jours !<\/p>\n<h4><span style=\"color: #ff6600;\">Livraison de courses<\/span><\/h4>\n<\/div>\n<div class=\"col-sm-6 col-xs-12 imgmax col-sm-height col-full-height\">\n<p class=\"font1 grey-text\"><strong><span style=\"color: #008000;\">On se d\u00e9place pour vous\u00a0!<\/span><\/strong><br \/>\nVous ne pouvez pas vous d\u00e9placer, temporairement ou durablement? L\u2019ADMR livre \u00e0 votre domicile vos courses, m\u00e9dicaments, journaux, etc. suivant vos instructions\u00a0!<\/p>\n<\/div>\n<\/div>\n<\/div>\n","protected":false},"excerpt":{"rendered":"<p>LIVRAISON DE REPAS ET DE COURSES \u00c0 DOMICILE Livraison de repas Repas pr\u00e9par\u00e9s sains et \u00e9quilibr\u00e9s, livr\u00e9s \u00e0 domicile, quotidiennement ou ponctuellement. En quoi consiste ce service ? Nous livrons&#8230;<\/p>\n<p> <a class=\"continue-reading-link\" href=\"https:\/\/creches-vic-andrest.com\/index.php\/admr-portage-de-repas\/\"><span>LIRE LA SUITE<\/span><i class=\"crycon-right-dir\"><\/i><\/a> <\/p>\n","protected":false},"author":1,"featured_media":0,"parent":0,"menu_order":0,"comment_status":"closed","ping_status":"closed","template":"","meta":{"footnotes":""},"class_list":["post-191","page","type-page","status-publish","hentry"],"jetpack_sharing_enabled":true,"_links":{"self":[{"href":"https:\/\/creches-vic-andrest.com\/index.php\/wp-json\/wp\/v2\/pages\/191","targetHints":{"allow":["GET"]}}],"collection":[{"href":"https:\/\/creches-vic-andrest.com\/index.php\/wp-json\/wp\/v2\/pages"}],"about":[{"href":"https:\/\/creches-vic-andrest.com\/index.php\/wp-json\/wp\/v2\/types\/page"}],"author":[{"embeddable":true,"href":"https:\/\/creches-vic-andrest.com\/index.php\/wp-json\/wp\/v2\/users\/1"}],"replies":[{"embeddable":true,"href":"https:\/\/creches-vic-andrest.com\/index.php\/wp-json\/wp\/v2\/comments?post=191"}],"version-history":[{"count":3,"href":"https:\/\/creches-vic-andrest.com\/index.php\/wp-json\/wp\/v2\/pages\/191\/revisions"}],"predecessor-version":[{"id":411,"href":"https:\/\/creches-vic-andrest.com\/index.php\/wp-json\/wp\/v2\/pages\/191\/revisions\/411"}],"wp:attachment":[{"href":"https:\/\/creches-vic-andrest.com\/index.php\/wp-json\/wp\/v2\/media?parent=191"}],"curies":[{"name":"wp","href":"https:\/\/api.w.org\/{rel}","templated":true}]}}