{"id":199,"date":"2020-10-20T18:16:39","date_gmt":"2020-10-20T16:16:39","guid":{"rendered":"http:\/\/creches-vic-andrest.com\/?page_id=199"},"modified":"2020-11-28T17:08:30","modified_gmt":"2020-11-28T16:08:30","slug":"admr-telealarme","status":"publish","type":"page","link":"https:\/\/creches-vic-andrest.com\/index.php\/admr-telealarme\/","title":{"rendered":"ADMR T\u00e9l\u00e9assistance FILIEN"},"content":{"rendered":"<div id=\"page-wrapper\">\n<div id=\"page\">\n<div id=\"main-wrapper\" class=\"clearfix\">\n<div id=\"main\" class=\"clearfix\">\n<div id=\"content\" class=\"column\">\n<div class=\"section\">\n<div class=\"container-fluid width-max\">\n<div class=\"row\">\n<div class=\"col-sm-12\">\n<div class=\"region region-content\">\n<div id=\"block-system-main\" class=\"block block-system analytics\">\n<div class=\"content\">\n<div id=\"node-1137\" class=\"node node-page-avec-visuel clearfix type-over avecvisuel\">\n<div class=\"content clearfix corps-article\">\n<section class=\"section-article\">\n<div class=\"field-collection-view clearfix view-mode-full\">\n<div class=\"entity entity-field-collection-item field-collection-item-field-section-top clearfix\">\n<div class=\"content\">\n<div class=\"field field-name-field-descriptif field-type-text-long field-label-hidden\">\n<div class=\"field-items\">\n<div class=\"field-item even field-item-0\">\n<div class=\"blanc-wrapper modele\">\n<h4 class=\"width-md container\" style=\"text-align: center;\"><span style=\"color: #ff6600;\"><strong><span style=\"font-family: Tahoma, Geneva, sans-serif;\">T\u00e9l\u00e9assistance Filien Habitat<\/span><\/strong><\/span><\/h4>\n<\/div>\n<\/div>\n<\/div>\n<\/div>\n<\/div>\n<\/div>\n<\/div>\n<\/section>\n<\/div>\n<\/div>\n<\/div>\n<\/div>\n<\/div>\n<\/div>\n<\/div>\n<\/div>\n<\/div>\n<\/div>\n<\/div>\n<\/div>\n<\/div>\n<\/div>\n<div id=\"footer-wrapper\">\n<div class=\"container-fluid width-max\">\n<div class=\"row\">\n<div class=\"col-sm-12 nopadding\">\n<div id=\"footermilieu-wrapper\">\n<div id=\"footermilieu\">\n<div class=\"section\">\n<div class=\"region region-footermilieu\">\n<div id=\"block-block-23\" class=\"block block-block\">\n<div class=\"content\">\n<div class=\"bgcouleur-wrapper modele-devis\">\n<div class=\"width-max container\">\n<p style=\"text-align: justify;\">Pour les particuliers : en plus du mat\u00e9riel de t\u00e9l\u00e9assistance classique, nous d\u00e9tectons l\u2019absence d\u2019activit\u00e9 ou de mouvements \u00e0 votre domicile dans un cr\u00e9neau horaire pr\u00e9d\u00e9fini. Une alerte est envoy\u00e9e automatiquement \u00e0 notre centre de t\u00e9l\u00e9assistance qui se chargera de s\u2019assurer de votre s\u00e9curit\u00e9 et de votre bien-\u00eatre. Filien Habitat adapte le logement aux besoins des utilisateurs tout en assurant une s\u00e9curit\u00e9 \u00e0 domicile 24h\/24, 7j\/7.<\/p>\n<h4><span style=\"color: #008000;\"><strong>A qui ce service est-il destin\u00e9 ?<\/strong><\/span><\/h4>\n<p>Seniors autonomes<br \/>\nPersonnes \u00e2g\u00e9es vivant seules et craignant une chute ou un malaise<br \/>\nPersonnes en situation de handicap<br \/>\nUne d\u00e9marche qualit\u00e9 assur\u00e9e !<\/p>\n<p>Filien ADMR s\u2019engage \u00e0 \u00eatre \u00e0 l\u2019\u00e9coute de ses abonn\u00e9s 24 heures sur 24 et 7 jours sur 7. Il s\u2019engage \u00e0 \u00eatre au plus pr\u00e8s de chaque abonn\u00e9 pour proposer des solutions adapt\u00e9es en compl\u00e9mentarit\u00e9 avec les services d\u00e9di\u00e9s au maintien \u00e0 domicile.<\/p>\n<h4 style=\"text-align: center;\"><a href=\"http:\/\/www.filien.com\" target=\"_blank\" rel=\"noopener noreferrer\">En savoir plus sur la t\u00e9l\u00e9assistance Filien ADMR : www.filien.com<\/a><\/h4>\n<p style=\"text-align: center;\"><a href=\"http:\/\/www.filien.com\"><img loading=\"lazy\" decoding=\"async\" class=\"alignnone wp-image-417 size-medium\" src=\"https:\/\/creches-vic-andrest.com\/wp-content\/uploads\/2020\/11\/logo_filien-300x115.png\" alt=\"\" width=\"300\" height=\"115\" srcset=\"https:\/\/creches-vic-andrest.com\/wp-content\/uploads\/2020\/11\/logo_filien-300x115.png 300w, https:\/\/creches-vic-andrest.com\/wp-content\/uploads\/2020\/11\/logo_filien-150x57.png 150w, https:\/\/creches-vic-andrest.com\/wp-content\/uploads\/2020\/11\/logo_filien.png 500w\" sizes=\"auto, (max-width: 300px) 100vw, 300px\" \/><\/a><\/p>\n<h4><span style=\"color: #008000;\"><strong>Des professionnels de confiance \u00e0 votre \u00e9coute<\/strong><\/span><\/h4>\n<p style=\"text-align: justify;\">Notre centre d\u2019\u00e9coute Filien ADMR se tient \u00e0 votre disposition 24h\/24, 7j\/7<br \/>\nLe centre d\u2019\u00e9coute Filien ADMR est dot\u00e9 d\u2019un \u00e9quipement performant et hautement s\u00e9curis\u00e9 nous permettant de traiter 2000 appels par jour<br \/>\nNos professionnels ont b\u00e9n\u00e9fici\u00e9 d\u2019une formation initiale sur l\u2019\u00e9coute et la relation avec les personnes fragilis\u00e9es<br \/>\nL\u2019esprit ADMR : apporter des services \u00e0 l\u2019ensemble de la population de la naissance \u00e0 la fin de vie pour un peu plus de confort, pour retrouver un \u00e9quilibre familial, ou tout simplement pour continuer \u00e0 vivre chez soi.<\/p>\n<\/div>\n<\/div>\n<\/div>\n<\/div>\n<\/div>\n<\/div>\n<\/div>\n<\/div>\n<div id=\"footerbas-wrapper\" class=\"container-fluid width-lg\">\n<div id=\"footerbas\" class=\"row\">\n<div id=\"footerbas\" class=\"col-sm-12\">\n<div class=\"container-fluid\">\n<div class=\"section row\">\n<div class=\"region region-footerbas\">\n<div id=\"block-block-22\" class=\"block block-block col-sm-3\">\n<div class=\"content\">\n<div class=\"blanc-wrapper\">\n<div class=\"width-max container\">\n<div class=\"row\">\n<div class=\"row-same-height row-full-height\">\n<div class=\"col-md-6 col-sm-8 col-xs-4 col-xxs-8 col-md-offset-0 col-sm-offset-2 col-xs-offset-4 col-xxs-offset-2 col-md-height col-full-height\">\n<p class=\"rtecenter\">\n<\/div>\n<\/div>\n<\/div>\n<\/div>\n<\/div>\n<\/div>\n<\/div>\n<\/div>\n<\/div>\n<\/div>\n<\/div>\n<\/div>\n<\/div>\n<\/div>\n<\/div>\n<\/div>\n<\/div>\n","protected":false},"excerpt":{"rendered":"<p>T\u00e9l\u00e9assistance Filien Habitat Pour les particuliers : en plus du mat\u00e9riel de t\u00e9l\u00e9assistance classique, nous d\u00e9tectons l\u2019absence d\u2019activit\u00e9 ou de mouvements \u00e0 votre domicile dans un cr\u00e9neau horaire pr\u00e9d\u00e9fini. Une&#8230;<\/p>\n<p> <a class=\"continue-reading-link\" href=\"https:\/\/creches-vic-andrest.com\/index.php\/admr-telealarme\/\"><span>LIRE LA SUITE<\/span><i class=\"crycon-right-dir\"><\/i><\/a> <\/p>\n","protected":false},"author":1,"featured_media":0,"parent":0,"menu_order":0,"comment_status":"closed","ping_status":"closed","template":"","meta":{"footnotes":""},"class_list":["post-199","page","type-page","status-publish","hentry"],"jetpack_sharing_enabled":true,"_links":{"self":[{"href":"https:\/\/creches-vic-andrest.com\/index.php\/wp-json\/wp\/v2\/pages\/199","targetHints":{"allow":["GET"]}}],"collection":[{"href":"https:\/\/creches-vic-andrest.com\/index.php\/wp-json\/wp\/v2\/pages"}],"about":[{"href":"https:\/\/creches-vic-andrest.com\/index.php\/wp-json\/wp\/v2\/types\/page"}],"author":[{"embeddable":true,"href":"https:\/\/creches-vic-andrest.com\/index.php\/wp-json\/wp\/v2\/users\/1"}],"replies":[{"embeddable":true,"href":"https:\/\/creches-vic-andrest.com\/index.php\/wp-json\/wp\/v2\/comments?post=199"}],"version-history":[{"count":10,"href":"https:\/\/creches-vic-andrest.com\/index.php\/wp-json\/wp\/v2\/pages\/199\/revisions"}],"predecessor-version":[{"id":423,"href":"https:\/\/creches-vic-andrest.com\/index.php\/wp-json\/wp\/v2\/pages\/199\/revisions\/423"}],"wp:attachment":[{"href":"https:\/\/creches-vic-andrest.com\/index.php\/wp-json\/wp\/v2\/media?parent=199"}],"curies":[{"name":"wp","href":"https:\/\/api.w.org\/{rel}","templated":true}]}}