{"id":3658,"date":"2022-06-30T17:18:54","date_gmt":"2022-06-30T15:18:54","guid":{"rendered":"http:\/\/creches-vic-andrest.com\/?page_id=3658"},"modified":"2022-06-30T17:24:02","modified_gmt":"2022-06-30T15:24:02","slug":"rapports-dactivites","status":"publish","type":"page","link":"https:\/\/creches-vic-andrest.com\/index.php\/rapports-dactivites\/","title":{"rendered":"Rapports d&rsquo;activit\u00e9s ADMR"},"content":{"rendered":"<p>L&rsquo;ADMR de Vic-Bigorre a vot\u00e9 ses rapports d&rsquo;activit\u00e9s 2021 en juin 2022.<\/p>\n<p style=\"text-align: center;\"><strong><a href=\"https:\/\/creches-vic-andrest.com\/wp-content\/uploads\/2022\/06\/DIAPO-AG-VIC-NORD.pdf\" target=\"_blank\" rel=\"noopener noreferrer\"><span style=\"text-decoration: underline;\">Consulter\u00a0 le rapport Vic-Bigorre Nord<\/span><\/a><\/strong><\/p>\n<p style=\"text-align: center;\"><strong><a href=\"https:\/\/creches-vic-andrest.com\/wp-content\/uploads\/2022\/06\/modif-DIAPO-AG-VIC-SUD.pdf\" target=\"_blank\" rel=\"noopener noreferrer\"><span style=\"text-decoration: underline;\">Consulter le rapport Vic-Bigorre Su<\/span>d<\/a><\/strong><\/p>\n","protected":false},"excerpt":{"rendered":"<p>L&rsquo;ADMR de Vic-Bigorre a vot\u00e9 ses rapports d&rsquo;activit\u00e9s 2021 en juin 2022. Consulter\u00a0 le rapport Vic-Bigorre Nord Consulter le rapport Vic-Bigorre Sud<\/p>\n<p> <a class=\"continue-reading-link\" href=\"https:\/\/creches-vic-andrest.com\/index.php\/rapports-dactivites\/\"><span>LIRE LA SUITE<\/span><i class=\"crycon-right-dir\"><\/i><\/a> <\/p>\n","protected":false},"author":1,"featured_media":0,"parent":0,"menu_order":0,"comment_status":"closed","ping_status":"closed","template":"","meta":{"footnotes":""},"class_list":["post-3658","page","type-page","status-publish","hentry"],"jetpack_sharing_enabled":true,"_links":{"self":[{"href":"https:\/\/creches-vic-andrest.com\/index.php\/wp-json\/wp\/v2\/pages\/3658","targetHints":{"allow":["GET"]}}],"collection":[{"href":"https:\/\/creches-vic-andrest.com\/index.php\/wp-json\/wp\/v2\/pages"}],"about":[{"href":"https:\/\/creches-vic-andrest.com\/index.php\/wp-json\/wp\/v2\/types\/page"}],"author":[{"embeddable":true,"href":"https:\/\/creches-vic-andrest.com\/index.php\/wp-json\/wp\/v2\/users\/1"}],"replies":[{"embeddable":true,"href":"https:\/\/creches-vic-andrest.com\/index.php\/wp-json\/wp\/v2\/comments?post=3658"}],"version-history":[{"count":4,"href":"https:\/\/creches-vic-andrest.com\/index.php\/wp-json\/wp\/v2\/pages\/3658\/revisions"}],"predecessor-version":[{"id":3663,"href":"https:\/\/creches-vic-andrest.com\/index.php\/wp-json\/wp\/v2\/pages\/3658\/revisions\/3663"}],"wp:attachment":[{"href":"https:\/\/creches-vic-andrest.com\/index.php\/wp-json\/wp\/v2\/media?parent=3658"}],"curies":[{"name":"wp","href":"https:\/\/api.w.org\/{rel}","templated":true}]}}