{"id":424,"date":"2020-11-28T17:10:21","date_gmt":"2020-11-28T16:10:21","guid":{"rendered":"http:\/\/creches-vic-andrest.com\/?page_id=424"},"modified":"2020-11-28T17:13:58","modified_gmt":"2020-11-28T16:13:58","slug":"transport-accompagne","status":"publish","type":"page","link":"https:\/\/creches-vic-andrest.com\/index.php\/transport-accompagne\/","title":{"rendered":"ADMR Transport accompagn\u00e9"},"content":{"rendered":"<h4 class=\"font1 couleur blue-title h2\" style=\"text-align: center;\"><strong><span style=\"color: #ff6600;\">TRANSPORT ACCOMPAGN\u00c9<\/span><\/strong><\/h4>\n<p class=\"font1 sub-grey\">Faire quelques courses, vous rendre chez le m\u00e9decin ou \u00e0 la banque, nous sommes l\u00e0 pour vous aider et vous accompagner dans tous vos d\u00e9placements !<\/p>\n<div class=\"row\">\n<div class=\"row-same-height row-full-height\">\n<div class=\"col-sm-6 col-xs-12 imgmax col-sm-height col-full-height\">\n<h4 class=\"font1 grey-text\"><span style=\"color: #008000;\"><strong>En quoi consiste ce service ?<\/strong><\/span><\/h4>\n<p class=\"font1 grey-text\">Nous vous accompagnons dans tous vos d\u00e9placements : courses, coiffeur, rendez-vous m\u00e9dicaux, visite d\u2019amis, etc.<\/p>\n<p><img loading=\"lazy\" decoding=\"async\" class=\"size-medium wp-image-426 aligncenter\" src=\"https:\/\/creches-vic-andrest.com\/wp-content\/uploads\/2020\/11\/transport-accompagne-300x176.png\" alt=\"\" width=\"300\" height=\"176\" srcset=\"https:\/\/creches-vic-andrest.com\/wp-content\/uploads\/2020\/11\/transport-accompagne-300x176.png 300w, https:\/\/creches-vic-andrest.com\/wp-content\/uploads\/2020\/11\/transport-accompagne-150x88.png 150w, https:\/\/creches-vic-andrest.com\/wp-content\/uploads\/2020\/11\/transport-accompagne.png 706w\" sizes=\"auto, (max-width: 300px) 100vw, 300px\" \/><\/p>\n<p class=\"font1 grey-text\">\n<\/div>\n<\/div>\n<\/div>\n","protected":false},"excerpt":{"rendered":"<p>TRANSPORT ACCOMPAGN\u00c9 Faire quelques courses, vous rendre chez le m\u00e9decin ou \u00e0 la banque, nous sommes l\u00e0 pour vous aider et vous accompagner dans tous vos d\u00e9placements ! En quoi&#8230;<\/p>\n<p> <a class=\"continue-reading-link\" href=\"https:\/\/creches-vic-andrest.com\/index.php\/transport-accompagne\/\"><span>LIRE LA SUITE<\/span><i class=\"crycon-right-dir\"><\/i><\/a> <\/p>\n","protected":false},"author":1,"featured_media":0,"parent":0,"menu_order":0,"comment_status":"closed","ping_status":"closed","template":"","meta":{"footnotes":""},"class_list":["post-424","page","type-page","status-publish","hentry"],"jetpack_sharing_enabled":true,"_links":{"self":[{"href":"https:\/\/creches-vic-andrest.com\/index.php\/wp-json\/wp\/v2\/pages\/424","targetHints":{"allow":["GET"]}}],"collection":[{"href":"https:\/\/creches-vic-andrest.com\/index.php\/wp-json\/wp\/v2\/pages"}],"about":[{"href":"https:\/\/creches-vic-andrest.com\/index.php\/wp-json\/wp\/v2\/types\/page"}],"author":[{"embeddable":true,"href":"https:\/\/creches-vic-andrest.com\/index.php\/wp-json\/wp\/v2\/users\/1"}],"replies":[{"embeddable":true,"href":"https:\/\/creches-vic-andrest.com\/index.php\/wp-json\/wp\/v2\/comments?post=424"}],"version-history":[{"count":2,"href":"https:\/\/creches-vic-andrest.com\/index.php\/wp-json\/wp\/v2\/pages\/424\/revisions"}],"predecessor-version":[{"id":427,"href":"https:\/\/creches-vic-andrest.com\/index.php\/wp-json\/wp\/v2\/pages\/424\/revisions\/427"}],"wp:attachment":[{"href":"https:\/\/creches-vic-andrest.com\/index.php\/wp-json\/wp\/v2\/media?parent=424"}],"curies":[{"name":"wp","href":"https:\/\/api.w.org\/{rel}","templated":true}]}}