{"id":496,"date":"2020-11-30T22:36:35","date_gmt":"2020-11-30T21:36:35","guid":{"rendered":"http:\/\/creches-vic-andrest.com\/?page_id=496"},"modified":"2020-12-05T10:57:39","modified_gmt":"2020-12-05T09:57:39","slug":"relais-dasssitantes-maternelle-du-val-dadour-ram","status":"publish","type":"page","link":"https:\/\/creches-vic-andrest.com\/index.php\/relais-dasssitantes-maternelle-du-val-dadour-ram\/","title":{"rendered":"Relais d&rsquo;Asssitantes Maternelles du Val d&rsquo;Adour (RAM)"},"content":{"rendered":"<div id=\"attachment_542\" style=\"width: 310px\" class=\"wp-caption aligncenter\"><a href=\"https:\/\/creches-vic-andrest.com\/wp-content\/uploads\/2020\/12\/entreeram-scaled.jpg\"><img loading=\"lazy\" decoding=\"async\" aria-describedby=\"caption-attachment-542\" class=\"wp-image-542 size-medium\" src=\"https:\/\/creches-vic-andrest.com\/wp-content\/uploads\/2020\/12\/entreeram-300x225.jpg\" alt=\"\" width=\"300\" height=\"225\" \/><\/a><p id=\"caption-attachment-542\" class=\"wp-caption-text\">ENTREE RAM\/LAEP &#8211; CRECHE VIC-BIGORRE<\/p><\/div>\n<p style=\"text-align: justify;\">Les Relais d\u2019Assistantes Maternelles sont des services mis en place par le Pays du Val d\u2019Adour et anim\u00e9s par des professionnel(le)s de la petite enfance.<\/p>\n<p style=\"text-align: justify;\"><strong><span style=\"color: #008000;\">Le relais vicquois est install\u00e9 dans les locaux de la cr\u00e8che les Petits-loups. D&rsquo;autres \u00e9tablissements existent \u00e0 Maubourguet et Rabastens.<\/span><\/strong><\/p>\n<p style=\"text-align: justify;\">C\u2019est un espace d\u2019information, d\u2019accompagnement, de rencontre et d\u2019animation pour les parents, les assistantes maternelles, et les jeunes enfants. Le RAM s\u2019adresse aux parents, aux assistantes maternelles et aux enfants qu\u2019elles accueillent ainsi qu\u2019aux candidats \u00e0 l\u2019agr\u00e9ment.<\/p>\n<p><em>Des temps de permanence\u00a0<\/em>:<\/p>\n<ul>\n<li>Pour les parents\u00a0: information sur les diff\u00e9rents modes d\u2019accueil de la petite enfance, une aide personnalis\u00e9e pour rechercher une assistante maternelle, un accompagnement pour l\u2019ensemble de d\u00e9marches administratives li\u00e9es \u00e0 l\u2019accueil de l\u2019enfant<\/li>\n<\/ul>\n<ul>\n<li>\u00a0Pour les assistantes maternelles\u00a0:\u00a0 un accompagnement dans leur professionnalisation, une information sur les statuts, droits et devoirs d\u2019employ\u00e9es, des temps d\u2019\u00e9changes et de formation.<\/li>\n<li>Pour les enfants :\u00a0des ateliers (activit\u00e9s manuelles, ateliers psychomotricit\u00e9, musique, lecture) et des animations (sorties, spectacles) qui favorisent l\u2019\u00e9veil et la socialisation de l\u2019enfant,<\/li>\n<\/ul>\n<h5 style=\"text-align: center;\"><strong><span style=\"color: #008000;\">Horaires\u00a0 des permanences\u00a0 (sur rendez-vous)<\/span><\/strong><\/h5>\n<p style=\"text-align: center;\"><strong><span style=\"color: #008000;\">Lundi, mardi, jeudi et vendredi : apr\u00e8s-midi<\/span><\/strong><\/p>\n<h5 style=\"text-align: center;\"><strong><span style=\"color: #008000;\">Horaires d&rsquo;ouverture des ateliers d&rsquo;\u00e9veil (sur inscription)<\/span><\/strong><\/h5>\n<p style=\"text-align: center;\"><strong><span style=\"color: #008000;\">Lundi, mardi, jeudi et vendredi\u00a0 ! <\/span><\/strong><strong><span style=\"color: #008000;\">de 9 H \u00e0 11 H 30<\/span><\/strong><\/p>\n<h5><span style=\"color: #ff6600;\">Pour contacter le RAM :<\/span><\/h5>\n<p style=\"text-align: center;\"><em><strong>Relais Assistantes Maternelles du Val d\u2019Adour<\/strong><\/em><br \/>\n<em><strong>23 rue des Pelhans<\/strong><\/em><br \/>\n<em><strong>64350 LEMBEYE<\/strong><\/em><br \/>\n<em><strong>T\u00e9l\u00e9phone: 05.59.68.73.86<\/strong><\/em><br \/>\n<em><strong>Portable: 07.86.72.55.98<\/strong><\/em><br \/>\n<em><strong>Mail:\u00a0<a href=\"mailto:ram.valdadour@orange\">ram.valdadour@orange<\/a>.fr<\/strong><\/em><\/p>\n","protected":false},"excerpt":{"rendered":"<p>Les Relais d\u2019Assistantes Maternelles sont des services mis en place par le Pays du Val d\u2019Adour et anim\u00e9s par des professionnel(le)s de la petite enfance. Le relais vicquois est install\u00e9&#8230;<\/p>\n<p> <a class=\"continue-reading-link\" href=\"https:\/\/creches-vic-andrest.com\/index.php\/relais-dasssitantes-maternelle-du-val-dadour-ram\/\"><span>LIRE LA SUITE<\/span><i class=\"crycon-right-dir\"><\/i><\/a> <\/p>\n","protected":false},"author":1,"featured_media":0,"parent":0,"menu_order":0,"comment_status":"closed","ping_status":"closed","template":"","meta":{"footnotes":""},"class_list":["post-496","page","type-page","status-publish","hentry"],"jetpack_sharing_enabled":true,"_links":{"self":[{"href":"https:\/\/creches-vic-andrest.com\/index.php\/wp-json\/wp\/v2\/pages\/496","targetHints":{"allow":["GET"]}}],"collection":[{"href":"https:\/\/creches-vic-andrest.com\/index.php\/wp-json\/wp\/v2\/pages"}],"about":[{"href":"https:\/\/creches-vic-andrest.com\/index.php\/wp-json\/wp\/v2\/types\/page"}],"author":[{"embeddable":true,"href":"https:\/\/creches-vic-andrest.com\/index.php\/wp-json\/wp\/v2\/users\/1"}],"replies":[{"embeddable":true,"href":"https:\/\/creches-vic-andrest.com\/index.php\/wp-json\/wp\/v2\/comments?post=496"}],"version-history":[{"count":4,"href":"https:\/\/creches-vic-andrest.com\/index.php\/wp-json\/wp\/v2\/pages\/496\/revisions"}],"predecessor-version":[{"id":546,"href":"https:\/\/creches-vic-andrest.com\/index.php\/wp-json\/wp\/v2\/pages\/496\/revisions\/546"}],"wp:attachment":[{"href":"https:\/\/creches-vic-andrest.com\/index.php\/wp-json\/wp\/v2\/media?parent=496"}],"curies":[{"name":"wp","href":"https:\/\/api.w.org\/{rel}","templated":true}]}}