{"id":757,"date":"2021-01-06T12:01:24","date_gmt":"2021-01-06T11:01:24","guid":{"rendered":"http:\/\/creches-vic-andrest.com\/?page_id=757"},"modified":"2021-01-06T12:01:24","modified_gmt":"2021-01-06T11:01:24","slug":"ladmr-dans-la-presse","status":"publish","type":"page","link":"https:\/\/creches-vic-andrest.com\/index.php\/ladmr-dans-la-presse\/","title":{"rendered":"L&rsquo;ADMR dans la presse"},"content":{"rendered":"<div class=\"section\"><main><\/p>\n<article class=\"article-full\">\n<div class=\"grid-m\">\n<div class=\"article-full__left-col\">\n<div class=\"article-full__section-1\">\n<div class=\"article-full__body\">\n<div class=\"article-full__body-content article-paywall p402_premium\">\n<h6 class=\"article-full__title\"><span style=\"color: #ff6600;\"><strong>L\u2019ADMR Vic, \u00e9volution et adaptation &#8211; D\u00e9p\u00eache du Midi 6 janvier 2021<\/strong><\/span><\/h6>\n<p><img decoding=\"async\" class=\"alignright\" src=\"https:\/\/images.ladepeche.fr\/api\/v1\/images\/view\/5ff53a803e45466eeb369ce3\/original\/image.jpg?v=1\" alt=\"Services et lien social.\" \/><span style=\"font-family: Lato;\">N\u2019eut \u00e9t\u00e9 le contexte sanitaire de cette ann\u00e9e 2020, un des \u00e9v\u00e9nements phares pour l\u2019association d\u2019aide \u00e0 domicile en milieu rural de Vic aurait pu \u00eatre celui du 40e anniversaire de sa cr\u00e9ation ; avec une mutation d\u2019importance, la scission en l\u2019ADMR Vic-Nord et l\u2019ADMR Vic-Sud effective au 1er janvier 2021.<\/span><\/p>\n<div id=\"pub_dfp_outstream\" class=\"ad ad--outstream center-align\" data-dfp-mobile=\"\" data-iab-tag=\"pos_outstream\" data-google-query-id=\"CPGdurWSh-4CFZEAGwodwiUCDw\">\n<div id=\"google_ads_iframe_\/31755961\/ldi_ladepeche.fr\/desktop\/article\/outstream_0__container__\"><span style=\"font-family: Lato;\">Un d\u00e9coupage territorial qui ne change rien aux missions fondamentales, hormis \u00ab\u00a0doubler\u00a0\u00bb certaines probl\u00e9matiques que la pand\u00e9mie Covid-19 a fait surgir voire cr\u00e9er.<\/span><\/div>\n<\/div>\n<p>Pour autant, \u00e0 la cl\u00f4ture d\u2019un exercice in\u00e9dit avec des r\u00e9percussions des confinements importantes sur le quotidien des salari\u00e9es et des personnes aid\u00e9es, Dani\u00e8le Poueymidanet, pr\u00e9sidente, convient que financi\u00e8rement la situation a pu \u00eatre pr\u00e9serv\u00e9e (comme pour toutes les ADMR des Hautes-Pyr\u00e9n\u00e9es) gr\u00e2ce \u00ab\u00a0au gros soutien du Conseil d\u00e9partemental sur les heures non faites\u00a0\u00bb.<\/p>\n<div id=\"pub_dfp_article\" class=\"ad ad--article center-align\" data-dfp-mobile=\"\" data-iab-tag=\"pos_article\" data-google-query-id=\"CPCdurWSh-4CFZEAGwodwiUCDw\">\n<div id=\"google_ads_iframe_\/31755961\/ldi_ladepeche.fr\/desktop\/article\/article_0__container__\"><span style=\"font-family: Lato;\">Si le premier confinement avait fortement impact\u00e9 les services \u00e0 domicile (crainte ou risque de contagion, faisant renoncer au service et prestations), pour le deuxi\u00e8me, les interventions n\u2019ont pas \u00e9t\u00e9 interrompues ; juste des adaptations ont-elles \u00e9t\u00e9 n\u00e9cessaires.<\/span><\/div>\n<\/div>\n<p>Par exemple, peu d\u2019accompagnement pour faire des courses (pourtant une sortie habituellement importante) que les salari\u00e9es ont assur\u00e9es bien entendu ; Dani\u00e8le Poueymidanet souligne que la situation de confinement, m\u00eame avec une autre terminologie, est un \u00ab\u00a0\u00e9tat pour beaucoup\u00a0\u00bb hors ce contexte sanitaire.<\/p>\n<p>Un des fondements de l\u2019association est bien, hors les services pratiques du quotidien, de maintenir un lien social pour les personnes aid\u00e9es.<\/p>\n<p><strong><span class=\"txt-question\">Un manque de salari\u00e9s et de b\u00e9n\u00e9voles<\/span><\/strong><\/p>\n<p>\u00c0 ce jour, l\u2019ADMR fonctionne avec une \u00e9quipe administrative de 5 personnes, entre 45 et 50 salari\u00e9es de terrain, et 7 b\u00e9n\u00e9voles ; avec ce constat sans concession de la pr\u00e9sidente sur les effectifs \u00ab\u00a0un personnel administratif tr\u00e8s efficace, un manque de salari\u00e9s et de b\u00e9n\u00e9voles qui nous fait refuser des dossiers !\u00a0\u00bb.<\/p>\n<p>Et d\u2019expliquer que :<\/p>\n<p>oui les salaires sont insuffisants, oui le b\u00e9n\u00e9volat ADMR est prenant, depuis la gestion jusqu\u2019aux visites chez les clients (pour la signature des contrats par exemple) ;<\/p>\n<p>et d\u2019ajouter qu\u2019avec l\u2019engagement de l\u2019association dans \u00ab\u00a0une politique qualit\u00e9, projets personnalis\u00e9s [\u2026]\u00a0\u00bb, r\u00e9f\u00e9rents et correspondants y \u0153uvrent.<\/p>\n<footer class=\"txt-note\">Pour contacter l\u2019association d\u2019Aide \u00e0 Domicile en Milieu Rural ADMR : 05 62 96 20 22.<\/footer>\n<\/div>\n<\/div>\n<div class=\"article-full__footer\">\n<div class=\"d-flex flex-wrap align-items-center\">\n<div class=\"article-full__share\"><\/div>\n<div class=\"author\" style=\"text-align: right;\"><em><span class=\"author-name\">Josiane Pom\u00e8s &#8211; DMD<\/span><\/em><\/div>\n<\/div>\n<p><span id=\"um_ultimedia_wrapper_header_span\"><\/span><\/div>\n<\/div>\n<div class=\"article-full__section-2\">\n<div id=\"ultimedia_wrapper\">\n<div id=\"um_ultimedia_wrapper_wrap_widget_default\">\n<div id=\"um_ultimedia_wrapper_list_ultimedia\" class=\"um_ultimedia_wrapper_jcarousel\" data-jcarousel=\"true\">\n<ul id=\"um_ultimedia_wrapper_carousel_ultimedia\">\n<li id=\"um_ultimedia_wrapper_videoThumb_q0xvm3p_21\" class=\"um_ultimedia_wrapper_videoThumb um_ultimedia_wrapper_active um_ultimedia_wrapper_start\">\n<div class=\"um_ultimedia_wrapper_link_videoThumb\" title=\"Premi\u00e8res vaccinations au CHU de Toulouse \"><\/div>\n<\/li>\n<\/ul>\n<\/div>\n<\/div>\n<\/div>\n<\/div>\n<\/div>\n<\/div>\n<\/article>\n<p><\/main><\/div>\n<aside class=\"aside hide-on-med-and-down\">\n<div class=\"aside__item aside__item--striped\">\n<p>&nbsp;<\/p>\n<\/div>\n<\/aside>\n","protected":false},"excerpt":{"rendered":"<p>L\u2019ADMR Vic, \u00e9volution et adaptation &#8211; D\u00e9p\u00eache du Midi 6 janvier 2021 N\u2019eut \u00e9t\u00e9 le contexte sanitaire de cette ann\u00e9e 2020, un des \u00e9v\u00e9nements phares pour l\u2019association d\u2019aide \u00e0 domicile&#8230;<\/p>\n<p> <a class=\"continue-reading-link\" href=\"https:\/\/creches-vic-andrest.com\/index.php\/ladmr-dans-la-presse\/\"><span>LIRE LA SUITE<\/span><i class=\"crycon-right-dir\"><\/i><\/a> <\/p>\n","protected":false},"author":1,"featured_media":0,"parent":0,"menu_order":0,"comment_status":"closed","ping_status":"closed","template":"","meta":{"footnotes":""},"class_list":["post-757","page","type-page","status-publish","hentry"],"jetpack_sharing_enabled":true,"_links":{"self":[{"href":"https:\/\/creches-vic-andrest.com\/index.php\/wp-json\/wp\/v2\/pages\/757","targetHints":{"allow":["GET"]}}],"collection":[{"href":"https:\/\/creches-vic-andrest.com\/index.php\/wp-json\/wp\/v2\/pages"}],"about":[{"href":"https:\/\/creches-vic-andrest.com\/index.php\/wp-json\/wp\/v2\/types\/page"}],"author":[{"embeddable":true,"href":"https:\/\/creches-vic-andrest.com\/index.php\/wp-json\/wp\/v2\/users\/1"}],"replies":[{"embeddable":true,"href":"https:\/\/creches-vic-andrest.com\/index.php\/wp-json\/wp\/v2\/comments?post=757"}],"version-history":[{"count":1,"href":"https:\/\/creches-vic-andrest.com\/index.php\/wp-json\/wp\/v2\/pages\/757\/revisions"}],"predecessor-version":[{"id":758,"href":"https:\/\/creches-vic-andrest.com\/index.php\/wp-json\/wp\/v2\/pages\/757\/revisions\/758"}],"wp:attachment":[{"href":"https:\/\/creches-vic-andrest.com\/index.php\/wp-json\/wp\/v2\/media?parent=757"}],"curies":[{"name":"wp","href":"https:\/\/api.w.org\/{rel}","templated":true}]}}