{"id":783,"date":"2021-01-07T17:42:09","date_gmt":"2021-01-07T16:42:09","guid":{"rendered":"http:\/\/creches-vic-andrest.com\/?page_id=783"},"modified":"2021-01-07T17:48:36","modified_gmt":"2021-01-07T16:48:36","slug":"canalous-pre-inscription","status":"publish","type":"page","link":"https:\/\/creches-vic-andrest.com\/index.php\/canalous-pre-inscription\/","title":{"rendered":"Canalous &#8211; Pr\u00e9-inscription"},"content":{"rendered":"<p><img loading=\"lazy\" decoding=\"async\" class=\"aligncenter wp-image-767\" src=\"https:\/\/creches-vic-andrest.com\/wp-content\/uploads\/2021\/01\/CANALOUS-300x150.jpg\" alt=\"\" width=\"250\" height=\"125\" srcset=\"https:\/\/creches-vic-andrest.com\/wp-content\/uploads\/2021\/01\/CANALOUS-300x150.jpg 300w, https:\/\/creches-vic-andrest.com\/wp-content\/uploads\/2021\/01\/CANALOUS-150x75.jpg 150w, https:\/\/creches-vic-andrest.com\/wp-content\/uploads\/2021\/01\/CANALOUS-500x250.jpg 500w, https:\/\/creches-vic-andrest.com\/wp-content\/uploads\/2021\/01\/CANALOUS-240x120.jpg 240w, https:\/\/creches-vic-andrest.com\/wp-content\/uploads\/2021\/01\/CANALOUS.jpg 507w\" sizes=\"auto, (max-width: 250px) 100vw, 250px\" \/><\/p>\n<p style=\"text-align: center;\">Pour pr\u00e9-inscrire votre enfant, vous pouvez t\u00e9l\u00e9charger la fiche en cliquant ci-dessous :<\/p>\n<p><a href=\"https:\/\/creches-vic-andrest.com\/wp-content\/uploads\/2021\/01\/Canalous-fiche-inscription.pdf\"><img loading=\"lazy\" decoding=\"async\" class=\"aligncenter wp-image-785 size-medium\" src=\"https:\/\/creches-vic-andrest.com\/wp-content\/uploads\/2021\/01\/inscription-300x107.png\" alt=\"\" width=\"300\" height=\"107\" srcset=\"https:\/\/creches-vic-andrest.com\/wp-content\/uploads\/2021\/01\/inscription-300x107.png 300w, https:\/\/creches-vic-andrest.com\/wp-content\/uploads\/2021\/01\/inscription-150x53.png 150w, https:\/\/creches-vic-andrest.com\/wp-content\/uploads\/2021\/01\/inscription-338x120.png 338w, https:\/\/creches-vic-andrest.com\/wp-content\/uploads\/2021\/01\/inscription.png 377w\" sizes=\"auto, (max-width: 300px) 100vw, 300px\" \/><\/a><\/p>\n<p style=\"text-align: center;\">Il conviendra, une fois remplie, de la retourner \u00e0 la micro-cr\u00e8che.<\/p>\n<a href=\"https:\/\/creches-vic-andrest.com\/wp-content\/uploads\/2021\/01\/Canalous-fiche-inscription.pdf\" class=\"pdfemb-viewer\" style=\"\" data-width=\"max\" data-height=\"max\" data-toolbar=\"bottom\" data-toolbar-fixed=\"off\">Canalous - fiche inscription<\/a>\n","protected":false},"excerpt":{"rendered":"<p>Pour pr\u00e9-inscrire votre enfant, vous pouvez t\u00e9l\u00e9charger la fiche en cliquant ci-dessous : Il conviendra, une fois remplie, de la retourner \u00e0 la micro-cr\u00e8che.<\/p>\n<p> <a class=\"continue-reading-link\" href=\"https:\/\/creches-vic-andrest.com\/index.php\/canalous-pre-inscription\/\"><span>LIRE LA SUITE<\/span><i class=\"crycon-right-dir\"><\/i><\/a> <\/p>\n","protected":false},"author":1,"featured_media":0,"parent":0,"menu_order":0,"comment_status":"closed","ping_status":"closed","template":"","meta":{"footnotes":""},"class_list":["post-783","page","type-page","status-publish","hentry"],"jetpack_sharing_enabled":true,"_links":{"self":[{"href":"https:\/\/creches-vic-andrest.com\/index.php\/wp-json\/wp\/v2\/pages\/783","targetHints":{"allow":["GET"]}}],"collection":[{"href":"https:\/\/creches-vic-andrest.com\/index.php\/wp-json\/wp\/v2\/pages"}],"about":[{"href":"https:\/\/creches-vic-andrest.com\/index.php\/wp-json\/wp\/v2\/types\/page"}],"author":[{"embeddable":true,"href":"https:\/\/creches-vic-andrest.com\/index.php\/wp-json\/wp\/v2\/users\/1"}],"replies":[{"embeddable":true,"href":"https:\/\/creches-vic-andrest.com\/index.php\/wp-json\/wp\/v2\/comments?post=783"}],"version-history":[{"count":5,"href":"https:\/\/creches-vic-andrest.com\/index.php\/wp-json\/wp\/v2\/pages\/783\/revisions"}],"predecessor-version":[{"id":790,"href":"https:\/\/creches-vic-andrest.com\/index.php\/wp-json\/wp\/v2\/pages\/783\/revisions\/790"}],"wp:attachment":[{"href":"https:\/\/creches-vic-andrest.com\/index.php\/wp-json\/wp\/v2\/media?parent=783"}],"curies":[{"name":"wp","href":"https:\/\/api.w.org\/{rel}","templated":true}]}}