{"id":952,"date":"2021-03-08T20:10:56","date_gmt":"2021-03-08T19:10:56","guid":{"rendered":"http:\/\/creches-vic-andrest.com\/?page_id=952"},"modified":"2021-03-08T20:11:35","modified_gmt":"2021-03-08T19:11:35","slug":"laep-conrat-de-projet-2021-avec-la-caf-65","status":"publish","type":"page","link":"https:\/\/creches-vic-andrest.com\/index.php\/laep-conrat-de-projet-2021-avec-la-caf-65\/","title":{"rendered":"LAEP : contrat de projet 2021 avec la CAF 65"},"content":{"rendered":"<p><img loading=\"lazy\" decoding=\"async\" class=\"size-medium wp-image-439 aligncenter\" src=\"https:\/\/creches-vic-andrest.com\/wp-content\/uploads\/2020\/11\/LPL_logo_intervenants_bleu-300x83.png\" alt=\"\" width=\"300\" height=\"83\" srcset=\"https:\/\/creches-vic-andrest.com\/wp-content\/uploads\/2020\/11\/LPL_logo_intervenants_bleu-300x83.png 300w, https:\/\/creches-vic-andrest.com\/wp-content\/uploads\/2020\/11\/LPL_logo_intervenants_bleu-768x213.png 768w, https:\/\/creches-vic-andrest.com\/wp-content\/uploads\/2020\/11\/LPL_logo_intervenants_bleu-150x42.png 150w, https:\/\/creches-vic-andrest.com\/wp-content\/uploads\/2020\/11\/LPL_logo_intervenants_bleu.png 1000w\" sizes=\"auto, (max-width: 300px) 100vw, 300px\" \/><\/p>\n<p>Les Caf d\u00e9veloppent, depuis 1998, une offre diversifi\u00e9e d\u2019aide \u00e0 la parentalit\u00e9 afin d\u2019accompagner les parents dans leur r\u00f4le et leurs responsabilit\u00e9s \u00e9ducatives. L\u2019accompagnement de la fonction parentale est inscrit dans les finalit\u00e9s de l\u2019action sociale des Caf comme une n\u00e9cessit\u00e9 contemporaine forte, pour permettre \u00e0 l\u2019enfant de se construire dans des bonnes conditions.<br \/>\nLes lieux d\u2019accueil enfant-parent (LAEP) participent de cet objectif en d\u00e9veloppant une approche<br \/>\nparticuli\u00e8re de l\u2019accompagnement pr\u00e9coce de la fonction parentale, bas\u00e9e sur l\u2019\u00e9coute et l\u2019\u00e9change autour<br \/>\ndu lien familial et social.<\/p>\n<p style=\"text-align: center;\"><span style=\"text-decoration: underline;\"><a href=\"https:\/\/creches-vic-andrest.com\/wp-content\/uploads\/2021\/03\/Guide-methodologique-Evaluation-Contrat-de-projet-Laep-2021.pdf\" target=\"_blank\" rel=\"noopener noreferrer\"><strong>Contrat de projet LAEP \/ CAF 65 2021<\/strong><\/a><\/span><\/p>\n<a href=\"https:\/\/creches-vic-andrest.com\/wp-content\/uploads\/2021\/03\/Guide-methodologique-Evaluation-Contrat-de-projet-Laep-2021.pdf\" class=\"pdfemb-viewer\" style=\"\" data-width=\"max\" data-height=\"max\" data-toolbar=\"bottom\" data-toolbar-fixed=\"off\">Guide methodologique Evaluation Contrat de projet Laep 2021<\/a>\n","protected":false},"excerpt":{"rendered":"<p>Les Caf d\u00e9veloppent, depuis 1998, une offre diversifi\u00e9e d\u2019aide \u00e0 la parentalit\u00e9 afin d\u2019accompagner les parents dans leur r\u00f4le et leurs responsabilit\u00e9s \u00e9ducatives. L\u2019accompagnement de la fonction parentale est inscrit&#8230;<\/p>\n<p> <a class=\"continue-reading-link\" href=\"https:\/\/creches-vic-andrest.com\/index.php\/laep-conrat-de-projet-2021-avec-la-caf-65\/\"><span>LIRE LA SUITE<\/span><i class=\"crycon-right-dir\"><\/i><\/a> <\/p>\n","protected":false},"author":1,"featured_media":0,"parent":0,"menu_order":0,"comment_status":"closed","ping_status":"closed","template":"","meta":{"footnotes":""},"class_list":["post-952","page","type-page","status-publish","hentry"],"jetpack_sharing_enabled":true,"_links":{"self":[{"href":"https:\/\/creches-vic-andrest.com\/index.php\/wp-json\/wp\/v2\/pages\/952","targetHints":{"allow":["GET"]}}],"collection":[{"href":"https:\/\/creches-vic-andrest.com\/index.php\/wp-json\/wp\/v2\/pages"}],"about":[{"href":"https:\/\/creches-vic-andrest.com\/index.php\/wp-json\/wp\/v2\/types\/page"}],"author":[{"embeddable":true,"href":"https:\/\/creches-vic-andrest.com\/index.php\/wp-json\/wp\/v2\/users\/1"}],"replies":[{"embeddable":true,"href":"https:\/\/creches-vic-andrest.com\/index.php\/wp-json\/wp\/v2\/comments?post=952"}],"version-history":[{"count":3,"href":"https:\/\/creches-vic-andrest.com\/index.php\/wp-json\/wp\/v2\/pages\/952\/revisions"}],"predecessor-version":[{"id":955,"href":"https:\/\/creches-vic-andrest.com\/index.php\/wp-json\/wp\/v2\/pages\/952\/revisions\/955"}],"wp:attachment":[{"href":"https:\/\/creches-vic-andrest.com\/index.php\/wp-json\/wp\/v2\/media?parent=952"}],"curies":[{"name":"wp","href":"https:\/\/api.w.org\/{rel}","templated":true}]}}